{"id":27,"date":"2019-04-30T14:09:47","date_gmt":"2019-04-30T12:09:47","guid":{"rendered":"http:\/\/acl-menuiserie.com\/?page_id=27"},"modified":"2023-03-10T10:16:48","modified_gmt":"2023-03-10T09:16:48","slug":"terrasses-nantes-44","status":"publish","type":"page","link":"https:\/\/acl-menuiserie.com\/index.php\/terrasses-nantes-44\/","title":{"rendered":"TERRASSES"},"content":{"rendered":"<div class=\"fusion-fullwidth fullwidth-box fusion-parallax-fixed nonhundred-percent-fullwidth non-hundred-percent-height-scrolling\"  style='background-color: rgba(255,255,255,0);background-image: url(\"http:\/\/acl-menuiserie.com\/wp-content\/uploads\/2019\/05\/acl-menuiserie-44-1024x682.jpg\");background-position: center center;background-repeat: no-repeat;padding-top:100px;padding-right:0px;padding-bottom:100px;padding-left:0px;-webkit-background-size:cover;-moz-background-size:cover;-o-background-size:cover;background-size:cover;background-attachment:fixed;'><div class=\"fusion-builder-row fusion-row \"><div  class=\"fusion-layout-column fusion_builder_column fusion_builder_column_1_1  fusion-one-full fusion-column-first fusion-column-last 1_1\"  style='margin-top:0px;margin-bottom:20px;'>\n\t\t\t\t\t<div class=\"fusion-column-wrapper\" style=\"padding: 0px 0px 0px 0px;background-position:left top;background-repeat:no-repeat;-webkit-background-size:cover;-moz-background-size:cover;-o-background-size:cover;background-size:cover;\"   data-bg-url=\"\">\n\t\t\t\t\t\t<div class=\"fusion-text\"><h1 data-fontsize=\"36\" data-lineheight=\"52\"><strong>ACL menuiserie est install\u00e9e \u00e0 Divatte-sur-Loire pr\u00e8s de Nantes, dans le 44. Nos terrasses bois ou composite de bois peuvent aussi bien se poser sur une dalle b\u00e9ton, sur plot ou pilotis<\/strong><strong>, en Loire atlantique (44).<\/strong><\/h1>\n<h1><strong>\u00a0<\/strong><\/h1>\n<\/div><div class=\"fusion-clearfix\"><\/div>\n\n\t\t\t\t\t<\/div>\n\t\t\t\t<\/div><div  data-animationType=slideInLeft data-animationDuration=1.0 data-animationOffset=100% class=\"fusion-layout-column fusion_builder_column fusion_builder_column_1_3  fusion-one-third fusion-column-first fusion-animated 1_3\"  style='margin-top:0px;margin-bottom:20px;width:33.33%;width:calc(33.33% - ( ( 4% + 4% ) * 0.3333 ) );margin-right: 4%;'>\n\t\t\t\t\t<div class=\"fusion-column-wrapper\" style=\"padding: 0px 0px 0px 0px;background-position:left top;background-repeat:no-repeat;-webkit-background-size:cover;-moz-background-size:cover;-o-background-size:cover;background-size:cover;\"   data-bg-url=\"\">\n\t\t\t\t\t\t<span style=\"border:4px solid #f6f6f6;\" class=\"fusion-imageframe imageframe-none imageframe-1 hover-type-zoomin\"><img decoding=\"async\" src=\"http:\/\/acl-menuiserie.com\/wp-content\/uploads\/2019\/07\/acl-terrasse-extension-44-nantes.jpg\" width=\"\" height=\"\" alt=\"\" title=\"acl-terrasse-extension-44-nantes\" class=\"img-responsive wp-image-231\" srcset=\"https:\/\/acl-menuiserie.com\/wp-content\/uploads\/2019\/07\/acl-terrasse-extension-44-nantes-200x133.jpg 200w, https:\/\/acl-menuiserie.com\/wp-content\/uploads\/2019\/07\/acl-terrasse-extension-44-nantes.jpg 300w\" sizes=\"(max-width: 800px) 100vw, 300px\" \/><\/span><div class=\"fusion-clearfix\"><\/div>\n\n\t\t\t\t\t<\/div>\n\t\t\t\t<\/div><div  data-animationType=slideInRight data-animationDuration=1.0 data-animationOffset=100% class=\"fusion-layout-column fusion_builder_column fusion_builder_column_1_3  fusion-one-third fusion-animated 1_3\"  style='margin-top:0px;margin-bottom:20px;width:33.33%;width:calc(33.33% - ( ( 4% + 4% ) * 0.3333 ) );margin-right: 4%;'>\n\t\t\t\t\t<div class=\"fusion-column-wrapper\" style=\"padding: 0px 0px 0px 0px;background-position:left top;background-repeat:no-repeat;-webkit-background-size:cover;-moz-background-size:cover;-o-background-size:cover;background-size:cover;\"   data-bg-url=\"\">\n\t\t\t\t\t\t<div class=\"fusion-text\"><div id=\"pgc-27-1-1\" class=\"panel-grid-cell\">\n<div id=\"panel-27-1-1-0\" class=\"so-panel widget widget_sow-editor panel-first-child panel-last-child\" data-index=\"1\">\n<div class=\"so-widget-sow-editor so-widget-sow-editor-base\">\n<div id=\"pgc-219-0-1\" class=\"panel-grid-cell\">\n<div id=\"panel-219-0-1-0\" class=\"so-panel widget widget_sow-editor panel-first-child panel-last-child\" data-index=\"1\">\n<div class=\"so-widget-sow-editor so-widget-sow-editor-base\">\n<div class=\"fusion-text\">Le choix du mat\u00e9riau se d\u00e9termine en fonction de votre projet le bois et le composite hevea, bois pin, exotique autour d\u2019un point d\u2019eau, tel qu\u2019une piscine par exemple\u2026<\/div>\n<\/div>\n<\/div>\n<\/div>\n<\/div>\n<\/div>\n<\/div>\n<\/div><div class=\"fusion-clearfix\"><\/div>\n\n\t\t\t\t\t<\/div>\n\t\t\t\t<\/div><div  data-animationType=slideInRight data-animationDuration=1.0 data-animationOffset=100% class=\"fusion-layout-column fusion_builder_column fusion_builder_column_1_3  fusion-one-third fusion-column-last fusion-animated 1_3\"  style='margin-top:0px;margin-bottom:20px;width:33.33%;width:calc(33.33% - ( ( 4% + 4% ) * 0.3333 ) );'>\n\t\t\t\t\t<div class=\"fusion-column-wrapper\" style=\"padding: 0px 0px 0px 0px;background-position:left top;background-repeat:no-repeat;-webkit-background-size:cover;-moz-background-size:cover;-o-background-size:cover;background-size:cover;\"   data-bg-url=\"\">\n\t\t\t\t\t\t<span style=\"border:4px solid #f6f6f6;\" class=\"fusion-imageframe imageframe-none imageframe-2 hover-type-zoomin\"><img decoding=\"async\" src=\"http:\/\/acl-menuiserie.com\/wp-content\/uploads\/2019\/07\/acl-terrasse-extension-ouest-44-nantes.jpg\" width=\"\" height=\"\" alt=\"\" title=\"acl-terrasse-extension-ouest-44-nantes\" class=\"img-responsive wp-image-232\" srcset=\"https:\/\/acl-menuiserie.com\/wp-content\/uploads\/2019\/07\/acl-terrasse-extension-ouest-44-nantes-200x133.jpg 200w, https:\/\/acl-menuiserie.com\/wp-content\/uploads\/2019\/07\/acl-terrasse-extension-ouest-44-nantes.jpg 300w\" sizes=\"(max-width: 800px) 100vw, 300px\" \/><\/span><div class=\"fusion-clearfix\"><\/div>\n\n\t\t\t\t\t<\/div>\n\t\t\t\t<\/div><div  data-animationType=slideInLeft data-animationDuration=1.0 data-animationOffset=100% class=\"fusion-layout-column fusion_builder_column fusion_builder_column_1_3  fusion-one-third fusion-column-first fusion-animated 1_3\"  style='margin-top:0px;margin-bottom:20px;width:33.33%;width:calc(33.33% - ( ( 4% + 4% ) * 0.3333 ) );margin-right: 4%;'>\n\t\t\t\t\t<div class=\"fusion-column-wrapper\" style=\"padding: 0px 0px 0px 0px;background-position:left top;background-repeat:no-repeat;-webkit-background-size:cover;-moz-background-size:cover;-o-background-size:cover;background-size:cover;\"   data-bg-url=\"\">\n\t\t\t\t\t\t<span style=\"border:4px solid #f6f6f6;\" class=\"fusion-imageframe imageframe-none imageframe-3 hover-type-zoomin\"><img decoding=\"async\" src=\"http:\/\/acl-menuiserie.com\/wp-content\/uploads\/2019\/07\/acl-terrasse-extension-44-nantes-ouest.jpg\" width=\"\" height=\"\" alt=\"\" title=\"acl-terrasse-extension-44-nantes-ouest\" class=\"img-responsive wp-image-233\" srcset=\"https:\/\/acl-menuiserie.com\/wp-content\/uploads\/2019\/07\/acl-terrasse-extension-44-nantes-ouest-200x133.jpg 200w, https:\/\/acl-menuiserie.com\/wp-content\/uploads\/2019\/07\/acl-terrasse-extension-44-nantes-ouest.jpg 300w\" sizes=\"(max-width: 800px) 100vw, 300px\" \/><\/span><div class=\"fusion-clearfix\"><\/div>\n\n\t\t\t\t\t<\/div>\n\t\t\t\t<\/div><div  data-animationType=slideInLeft data-animationDuration=1.0 data-animationOffset=100% class=\"fusion-layout-column fusion_builder_column fusion_builder_column_1_3  fusion-one-third fusion-animated 1_3\"  style='margin-top:0px;margin-bottom:20px;width:33.33%;width:calc(33.33% - ( ( 4% + 4% ) * 0.3333 ) );margin-right: 4%;'>\n\t\t\t\t\t<div class=\"fusion-column-wrapper\" style=\"padding: 0px 0px 0px 0px;background-position:left top;background-repeat:no-repeat;-webkit-background-size:cover;-moz-background-size:cover;-o-background-size:cover;background-size:cover;\"   data-bg-url=\"\">\n\t\t\t\t\t\t<span style=\"border:4px solid #f6f6f6;\" class=\"fusion-imageframe imageframe-none imageframe-4 hover-type-zoomin\"><img decoding=\"async\" src=\"http:\/\/acl-menuiserie.com\/wp-content\/uploads\/2023\/02\/acl-terrasse-extension-44-nantes-1.jpg\" width=\"\" height=\"\" alt=\"\" title=\"acl-terrasse-extension-44-nantes-1\" class=\"img-responsive wp-image-373\" srcset=\"https:\/\/acl-menuiserie.com\/wp-content\/uploads\/2023\/02\/acl-terrasse-extension-44-nantes-1-200x133.jpg 200w, https:\/\/acl-menuiserie.com\/wp-content\/uploads\/2023\/02\/acl-terrasse-extension-44-nantes-1.jpg 300w\" sizes=\"(max-width: 800px) 100vw, 300px\" \/><\/span><div class=\"fusion-clearfix\"><\/div>\n\n\t\t\t\t\t<\/div>\n\t\t\t\t<\/div><div  data-animationType=slideInRight data-animationDuration=1.0 data-animationOffset=100% class=\"fusion-layout-column fusion_builder_column fusion_builder_column_1_3  fusion-one-third fusion-column-last fusion-animated 1_3\"  style='margin-top:0px;margin-bottom:20px;width:33.33%;width:calc(33.33% - ( ( 4% + 4% ) * 0.3333 ) );'>\n\t\t\t\t\t<div class=\"fusion-column-wrapper\" style=\"padding: 0px 0px 0px 0px;background-position:left top;background-repeat:no-repeat;-webkit-background-size:cover;-moz-background-size:cover;-o-background-size:cover;background-size:cover;\"   data-bg-url=\"\">\n\t\t\t\t\t\t<span style=\"border:4px solid #f6f6f6;\" class=\"fusion-imageframe imageframe-none imageframe-5 hover-type-zoomin\"><img decoding=\"async\" src=\"http:\/\/acl-menuiserie.com\/wp-content\/uploads\/2023\/02\/acl-terrasse-extension-44-nantes-2.jpg\" width=\"\" height=\"\" alt=\"\" title=\"acl-terrasse-extension-44-nantes-2\" class=\"img-responsive wp-image-374\" srcset=\"https:\/\/acl-menuiserie.com\/wp-content\/uploads\/2023\/02\/acl-terrasse-extension-44-nantes-2-200x133.jpg 200w, https:\/\/acl-menuiserie.com\/wp-content\/uploads\/2023\/02\/acl-terrasse-extension-44-nantes-2.jpg 300w\" sizes=\"(max-width: 800px) 100vw, 300px\" \/><\/span><div class=\"fusion-clearfix\"><\/div>\n\n\t\t\t\t\t<\/div>\n\t\t\t\t<\/div><div  data-animationType=slideInLeft data-animationDuration=1.0 data-animationOffset=100% class=\"fusion-layout-column fusion_builder_column fusion_builder_column_1_3  fusion-one-third fusion-column-first fusion-animated 1_3\"  style='margin-top:0px;margin-bottom:20px;width:33.33%;width:calc(33.33% - ( ( 4% + 4% ) * 0.3333 ) );margin-right: 4%;'>\n\t\t\t\t\t<div class=\"fusion-column-wrapper\" style=\"padding: 0px 0px 0px 0px;background-position:left top;background-repeat:no-repeat;-webkit-background-size:cover;-moz-background-size:cover;-o-background-size:cover;background-size:cover;\"   data-bg-url=\"\">\n\t\t\t\t\t\t<span style=\"border:4px solid #f6f6f6;\" class=\"fusion-imageframe imageframe-none imageframe-6 hover-type-zoomin\"><img decoding=\"async\" src=\"http:\/\/acl-menuiserie.com\/wp-content\/uploads\/2023\/02\/acl-terrasse-extension-44-nantes-3.jpg\" width=\"\" height=\"\" alt=\"\" title=\"acl-terrasse-extension-44-nantes-3\" class=\"img-responsive wp-image-375\" srcset=\"https:\/\/acl-menuiserie.com\/wp-content\/uploads\/2023\/02\/acl-terrasse-extension-44-nantes-3-200x133.jpg 200w, https:\/\/acl-menuiserie.com\/wp-content\/uploads\/2023\/02\/acl-terrasse-extension-44-nantes-3.jpg 300w\" sizes=\"(max-width: 800px) 100vw, 300px\" \/><\/span><div class=\"fusion-clearfix\"><\/div>\n\n\t\t\t\t\t<\/div>\n\t\t\t\t<\/div><div  data-animationType=slideInLeft data-animationDuration=1.0 data-animationOffset=100% class=\"fusion-layout-column fusion_builder_column fusion_builder_column_1_3  fusion-one-third fusion-animated 1_3\"  style='margin-top:0px;margin-bottom:20px;width:33.33%;width:calc(33.33% - ( ( 4% + 4% ) * 0.3333 ) );margin-right: 4%;'>\n\t\t\t\t\t<div class=\"fusion-column-wrapper\" style=\"padding: 0px 0px 0px 0px;background-position:left top;background-repeat:no-repeat;-webkit-background-size:cover;-moz-background-size:cover;-o-background-size:cover;background-size:cover;\"   data-bg-url=\"\">\n\t\t\t\t\t\t<span style=\"border:4px solid #f6f6f6;\" class=\"fusion-imageframe imageframe-none imageframe-7 hover-type-zoomin\"><img decoding=\"async\" src=\"http:\/\/acl-menuiserie.com\/wp-content\/uploads\/2023\/03\/acl-terrasse-extension-44-nantes-a.jpg\" width=\"\" height=\"\" alt=\"\" title=\"acl-terrasse-extension-44-nantes-a\" class=\"img-responsive wp-image-407\" srcset=\"https:\/\/acl-menuiserie.com\/wp-content\/uploads\/2023\/03\/acl-terrasse-extension-44-nantes-a-200x133.jpg 200w, https:\/\/acl-menuiserie.com\/wp-content\/uploads\/2023\/03\/acl-terrasse-extension-44-nantes-a.jpg 300w\" sizes=\"(max-width: 800px) 100vw, 300px\" \/><\/span><div class=\"fusion-clearfix\"><\/div>\n\n\t\t\t\t\t<\/div>\n\t\t\t\t<\/div><div  data-animationType=slideInRight data-animationDuration=1.0 data-animationOffset=100% class=\"fusion-layout-column fusion_builder_column fusion_builder_column_1_3  fusion-one-third fusion-column-last fusion-animated 1_3\"  style='margin-top:0px;margin-bottom:20px;width:33.33%;width:calc(33.33% - ( ( 4% + 4% ) * 0.3333 ) );'>\n\t\t\t\t\t<div class=\"fusion-column-wrapper\" style=\"padding: 0px 0px 0px 0px;background-position:left top;background-repeat:no-repeat;-webkit-background-size:cover;-moz-background-size:cover;-o-background-size:cover;background-size:cover;\"   data-bg-url=\"\">\n\t\t\t\t\t\t<span style=\"border:4px solid #f6f6f6;\" class=\"fusion-imageframe imageframe-none imageframe-8 hover-type-zoomin\"><img decoding=\"async\" src=\"http:\/\/acl-menuiserie.com\/wp-content\/uploads\/2023\/03\/acl-terrasse-extension-44-nantes-b.jpg\" width=\"\" height=\"\" alt=\"\" title=\"acl-terrasse-extension-44-nantes-b\" class=\"img-responsive wp-image-409\" srcset=\"https:\/\/acl-menuiserie.com\/wp-content\/uploads\/2023\/03\/acl-terrasse-extension-44-nantes-b-200x133.jpg 200w, https:\/\/acl-menuiserie.com\/wp-content\/uploads\/2023\/03\/acl-terrasse-extension-44-nantes-b.jpg 300w\" sizes=\"(max-width: 800px) 100vw, 300px\" \/><\/span><div class=\"fusion-clearfix\"><\/div>\n\n\t\t\t\t\t<\/div>\n\t\t\t\t<\/div><\/div><\/div>\n","protected":false},"excerpt":{"rendered":"","protected":false},"author":1,"featured_media":0,"parent":0,"menu_order":0,"comment_status":"closed","ping_status":"closed","template":"100-width.php","meta":{"_monsterinsights_skip_tracking":false,"_monsterinsights_sitenote_active":false,"_monsterinsights_sitenote_note":"","_monsterinsights_sitenote_category":0,"footnotes":""},"class_list":["post-27","page","type-page","status-publish","hentry"],"yoast_head":"<!-- This site is optimized with the Yoast SEO plugin v27.1.1 - https:\/\/yoast.com\/product\/yoast-seo-wordpress\/ -->\n<title>TERRASSES - ACL Menuiserie - Am\u00e9nagement Construction Loire<\/title>\n<meta name=\"robots\" content=\"index, follow, max-snippet:-1, max-image-preview:large, max-video-preview:-1\" \/>\n<link rel=\"canonical\" href=\"https:\/\/acl-menuiserie.com\/index.php\/terrasses-nantes-44\/\" \/>\n<meta property=\"og:locale\" content=\"fr_FR\" \/>\n<meta property=\"og:type\" content=\"article\" \/>\n<meta property=\"og:title\" content=\"TERRASSES - ACL Menuiserie - Am\u00e9nagement Construction Loire\" \/>\n<meta property=\"og:url\" content=\"https:\/\/acl-menuiserie.com\/index.php\/terrasses-nantes-44\/\" \/>\n<meta property=\"og:site_name\" content=\"ACL Menuiserie - Am\u00e9nagement Construction Loire\" \/>\n<meta property=\"article:modified_time\" content=\"2023-03-10T09:16:48+00:00\" \/>\n<meta name=\"twitter:card\" content=\"summary_large_image\" \/>\n<meta name=\"twitter:label1\" content=\"Dur\u00e9e de lecture estim\u00e9e\" \/>\n\t<meta name=\"twitter:data1\" content=\"7 minutes\" \/>\n<script type=\"application\/ld+json\" class=\"yoast-schema-graph\">{\"@context\":\"https:\/\/schema.org\",\"@graph\":[{\"@type\":\"WebPage\",\"@id\":\"https:\/\/acl-menuiserie.com\/index.php\/terrasses-nantes-44\/\",\"url\":\"https:\/\/acl-menuiserie.com\/index.php\/terrasses-nantes-44\/\",\"name\":\"TERRASSES - ACL Menuiserie - Am\u00e9nagement Construction Loire\",\"isPartOf\":{\"@id\":\"https:\/\/acl-menuiserie.com\/#website\"},\"datePublished\":\"2019-04-30T12:09:47+00:00\",\"dateModified\":\"2023-03-10T09:16:48+00:00\",\"breadcrumb\":{\"@id\":\"https:\/\/acl-menuiserie.com\/index.php\/terrasses-nantes-44\/#breadcrumb\"},\"inLanguage\":\"fr-FR\",\"potentialAction\":[{\"@type\":\"ReadAction\",\"target\":[\"https:\/\/acl-menuiserie.com\/index.php\/terrasses-nantes-44\/\"]}]},{\"@type\":\"BreadcrumbList\",\"@id\":\"https:\/\/acl-menuiserie.com\/index.php\/terrasses-nantes-44\/#breadcrumb\",\"itemListElement\":[{\"@type\":\"ListItem\",\"position\":1,\"name\":\"Home\",\"item\":\"https:\/\/acl-menuiserie.com\/\"},{\"@type\":\"ListItem\",\"position\":2,\"name\":\"TERRASSES\"}]},{\"@type\":\"WebSite\",\"@id\":\"https:\/\/acl-menuiserie.com\/#website\",\"url\":\"https:\/\/acl-menuiserie.com\/\",\"name\":\"ACL Menuiserie - Am\u00e9nagement Construction Loire\",\"description\":\"Ossature bois - Agencement - Charpente\",\"potentialAction\":[{\"@type\":\"SearchAction\",\"target\":{\"@type\":\"EntryPoint\",\"urlTemplate\":\"https:\/\/acl-menuiserie.com\/?s={search_term_string}\"},\"query-input\":{\"@type\":\"PropertyValueSpecification\",\"valueRequired\":true,\"valueName\":\"search_term_string\"}}],\"inLanguage\":\"fr-FR\"}]}<\/script>\n<!-- \/ Yoast SEO plugin. -->","yoast_head_json":{"title":"TERRASSES - ACL Menuiserie - Am\u00e9nagement Construction Loire","robots":{"index":"index","follow":"follow","max-snippet":"max-snippet:-1","max-image-preview":"max-image-preview:large","max-video-preview":"max-video-preview:-1"},"canonical":"https:\/\/acl-menuiserie.com\/index.php\/terrasses-nantes-44\/","og_locale":"fr_FR","og_type":"article","og_title":"TERRASSES - ACL Menuiserie - Am\u00e9nagement Construction Loire","og_url":"https:\/\/acl-menuiserie.com\/index.php\/terrasses-nantes-44\/","og_site_name":"ACL Menuiserie - Am\u00e9nagement Construction Loire","article_modified_time":"2023-03-10T09:16:48+00:00","twitter_card":"summary_large_image","twitter_misc":{"Dur\u00e9e de lecture estim\u00e9e":"7 minutes"},"schema":{"@context":"https:\/\/schema.org","@graph":[{"@type":"WebPage","@id":"https:\/\/acl-menuiserie.com\/index.php\/terrasses-nantes-44\/","url":"https:\/\/acl-menuiserie.com\/index.php\/terrasses-nantes-44\/","name":"TERRASSES - ACL Menuiserie - Am\u00e9nagement Construction Loire","isPartOf":{"@id":"https:\/\/acl-menuiserie.com\/#website"},"datePublished":"2019-04-30T12:09:47+00:00","dateModified":"2023-03-10T09:16:48+00:00","breadcrumb":{"@id":"https:\/\/acl-menuiserie.com\/index.php\/terrasses-nantes-44\/#breadcrumb"},"inLanguage":"fr-FR","potentialAction":[{"@type":"ReadAction","target":["https:\/\/acl-menuiserie.com\/index.php\/terrasses-nantes-44\/"]}]},{"@type":"BreadcrumbList","@id":"https:\/\/acl-menuiserie.com\/index.php\/terrasses-nantes-44\/#breadcrumb","itemListElement":[{"@type":"ListItem","position":1,"name":"Home","item":"https:\/\/acl-menuiserie.com\/"},{"@type":"ListItem","position":2,"name":"TERRASSES"}]},{"@type":"WebSite","@id":"https:\/\/acl-menuiserie.com\/#website","url":"https:\/\/acl-menuiserie.com\/","name":"ACL Menuiserie - Am\u00e9nagement Construction Loire","description":"Ossature bois - Agencement - Charpente","potentialAction":[{"@type":"SearchAction","target":{"@type":"EntryPoint","urlTemplate":"https:\/\/acl-menuiserie.com\/?s={search_term_string}"},"query-input":{"@type":"PropertyValueSpecification","valueRequired":true,"valueName":"search_term_string"}}],"inLanguage":"fr-FR"}]}},"_links":{"self":[{"href":"https:\/\/acl-menuiserie.com\/index.php\/wp-json\/wp\/v2\/pages\/27","targetHints":{"allow":["GET"]}}],"collection":[{"href":"https:\/\/acl-menuiserie.com\/index.php\/wp-json\/wp\/v2\/pages"}],"about":[{"href":"https:\/\/acl-menuiserie.com\/index.php\/wp-json\/wp\/v2\/types\/page"}],"author":[{"embeddable":true,"href":"https:\/\/acl-menuiserie.com\/index.php\/wp-json\/wp\/v2\/users\/1"}],"replies":[{"embeddable":true,"href":"https:\/\/acl-menuiserie.com\/index.php\/wp-json\/wp\/v2\/comments?post=27"}],"version-history":[{"count":15,"href":"https:\/\/acl-menuiserie.com\/index.php\/wp-json\/wp\/v2\/pages\/27\/revisions"}],"predecessor-version":[{"id":424,"href":"https:\/\/acl-menuiserie.com\/index.php\/wp-json\/wp\/v2\/pages\/27\/revisions\/424"}],"wp:attachment":[{"href":"https:\/\/acl-menuiserie.com\/index.php\/wp-json\/wp\/v2\/media?parent=27"}],"curies":[{"name":"wp","href":"https:\/\/api.w.org\/{rel}","templated":true}]}}