{"id":83,"date":"2019-05-10T12:21:57","date_gmt":"2019-05-10T10:21:57","guid":{"rendered":"http:\/\/acl-menuiserie.com\/?page_id=83"},"modified":"2025-09-15T10:18:52","modified_gmt":"2025-09-15T08:18:52","slug":"fenetres-nantes-44","status":"publish","type":"page","link":"https:\/\/acl-menuiserie.com\/index.php\/fenetres-nantes-44\/","title":{"rendered":"FEN\u00caTRES"},"content":{"rendered":"<p><div class=\"fusion-fullwidth fullwidth-box fusion-parallax-fixed nonhundred-percent-fullwidth non-hundred-percent-height-scrolling\"  style='background-color: rgba(255,255,255,0);background-image: url(\"http:\/\/acl-menuiserie.com\/wp-content\/uploads\/2019\/05\/acl-menuiserie-44-1024x682.jpg\");background-position: center center;background-repeat: no-repeat;padding-top:100px;padding-right:0px;padding-bottom:100px;padding-left:0px;-webkit-background-size:cover;-moz-background-size:cover;-o-background-size:cover;background-size:cover;background-attachment:fixed;'><div class=\"fusion-builder-row fusion-row \"><div  class=\"fusion-layout-column fusion_builder_column fusion_builder_column_1_1  fusion-one-full fusion-column-first fusion-column-last 1_1\"  style='margin-top:0px;margin-bottom:20px;'>\n\t\t\t\t\t<div class=\"fusion-column-wrapper\" style=\"padding: 0px 0px 0px 0px;background-position:left top;background-repeat:no-repeat;-webkit-background-size:cover;-moz-background-size:cover;-o-background-size:cover;background-size:cover;\"   data-bg-url=\"\">\n\t\t\t\t\t\t<div class=\"fusion-text\"><h1 data-fontsize=\"36\" data-lineheight=\"52\"><strong>ACL menuiserie est <\/strong><strong>install\u00e9e \u00e0 Divatte-sur-Loire pr\u00e8s <\/strong><strong>de Nantes, dans le 44 est une entreprise de menuiserie sp\u00e9cialiste des fen\u00eatres.<\/strong><\/h1>\n<\/div><div class=\"fusion-clearfix\"><\/div>\n\n\t\t\t\t\t<\/div>\n\t\t\t\t<\/div><div  data-animationType=slideInLeft data-animationDuration=1.0 data-animationOffset=100% class=\"fusion-layout-column fusion_builder_column fusion_builder_column_1_3  fusion-one-third fusion-column-first fusion-animated 1_3\"  style='margin-top:0px;margin-bottom:20px;width:33.33%;width:calc(33.33% - ( ( 4% ) * 0.3333 ) );margin-right: 4%;'>\n\t\t\t\t\t<div class=\"fusion-column-wrapper\" style=\"padding: 0px 0px 0px 0px;background-position:left top;background-repeat:no-repeat;-webkit-background-size:cover;-moz-background-size:cover;-o-background-size:cover;background-size:cover;\"   data-bg-url=\"\">\n\t\t\t\t\t\t<span style=\"border:4px solid #f6f6f6;\" class=\"fusion-imageframe imageframe-none imageframe-1 hover-type-zoomin\"><img decoding=\"async\" src=\"http:\/\/acl-menuiserie.com\/wp-content\/uploads\/2019\/05\/fenetre-pvc-267x240-1.jpg\" width=\"\" height=\"\" alt=\"\" title=\"fenetre-pvc-267&#215;240\" class=\"img-responsive wp-image-110\" srcset=\"https:\/\/acl-menuiserie.com\/wp-content\/uploads\/2019\/05\/fenetre-pvc-267x240-1-200x180.jpg 200w, https:\/\/acl-menuiserie.com\/wp-content\/uploads\/2019\/05\/fenetre-pvc-267x240-1.jpg 267w\" sizes=\"(max-width: 800px) 100vw, 267px\" \/><\/span><div class=\"fusion-clearfix\"><\/div>\n\n\t\t\t\t\t<\/div>\n\t\t\t\t<\/div><div  data-animationType=slideInRight data-animationDuration=1.0 data-animationOffset=100% class=\"fusion-layout-column fusion_builder_column fusion_builder_column_2_3  fusion-two-third fusion-column-last fusion-animated 2_3\"  style='margin-top:0px;margin-bottom:20px;width:66.66%;width:calc(66.66% - ( ( 4% ) * 0.6666 ) );'>\n\t\t\t\t\t<div class=\"fusion-column-wrapper\" style=\"padding: 0px 0px 0px 0px;background-position:left top;background-repeat:no-repeat;-webkit-background-size:cover;-moz-background-size:cover;-o-background-size:cover;background-size:cover;\"   data-bg-url=\"\">\n\t\t\t\t\t\t<div class=\"fusion-text\"><div id=\"pgc-27-1-1\" class=\"panel-grid-cell\">\n<div id=\"panel-27-1-1-0\" class=\"so-panel widget widget_sow-editor panel-first-child panel-last-child\" data-index=\"1\">\n<div class=\"so-widget-sow-editor so-widget-sow-editor-base\">\n<h2 class=\"widget-title\"><span style=\"color: #ffffff;\"><strong>Fen\u00eatre PVC<\/strong><\/span><\/h2>\n<div class=\"siteorigin-widget-tinymce textwidget\">\n<p><strong>Nous conseillons d&rsquo;utiliser le PVC pour une meilleure durabilit\u00e9 dans le temps. <\/strong><\/p>\n<p><strong>Ce mat\u00e9riau est un excellent rapport qualit\u00e9-prix. <\/strong><\/p>\n<\/div>\n<\/div>\n<\/div>\n<\/div>\n<\/div><div class=\"fusion-clearfix\"><\/div>\n\n\t\t\t\t\t<\/div>\n\t\t\t\t<\/div><div  data-animationType=slideInLeft data-animationDuration=1.0 data-animationOffset=100% class=\"fusion-layout-column fusion_builder_column fusion_builder_column_1_1  fusion-one-full fusion-column-first fusion-column-last fusion-animated 1_1\"  style='margin-top:0px;margin-bottom:20px;'>\n\t\t\t\t\t<div class=\"fusion-column-wrapper\" style=\"padding: 0px 0px 0px 0px;background-position:left top;background-repeat:no-repeat;-webkit-background-size:cover;-moz-background-size:cover;-o-background-size:cover;background-size:cover;\"   data-bg-url=\"\">\n\t\t\t\t\t\t<div class=\"fusion-text\"><p><strong>De plus il est possible d&rsquo;avoir une menuiserie PVC de couleur autres que le blanc (menuiserie\u00a0bicolor). Une menuiserie plax\u00e9e, lisse, laqu\u00e9e ou granit\u00e9e dispose des m\u00eames garanties qu&rsquo;une menuiserie PVC blanche\u00a0 (blanc int\u00e9rieur, couleur ext\u00e9rieure).<\/strong><br \/>\n<strong>Les portes fen\u00eatres peuvent avoir une fermeture \u00e0 cr\u00e9mone ou serrure.<\/strong><\/p>\n<p><strong>Les menuiseries PVC peuvent s&rsquo;accompagner d&rsquo;un volet roulant int\u00e9gr\u00e9.<\/strong><\/p>\n<\/div><div class=\"fusion-clearfix\"><\/div>\n\n\t\t\t\t\t<\/div>\n\t\t\t\t<\/div><\/div><\/div><div class=\"fusion-fullwidth fullwidth-box fusion-parallax-fixed nonhundred-percent-fullwidth non-hundred-percent-height-scrolling\"  style='background-color: rgba(255,255,255,0);background-image: url(\"http:\/\/acl-menuiserie.com\/wp-content\/uploads\/2019\/05\/acl-menuiserie-44-1024x682.jpg\");background-position: center center;background-repeat: no-repeat;padding-top:50px;padding-right:0px;padding-bottom:50px;padding-left:0px;-webkit-background-size:cover;-moz-background-size:cover;-o-background-size:cover;background-size:cover;background-attachment:fixed;'><div class=\"fusion-builder-row fusion-row \"><div  class=\"fusion-layout-column fusion_builder_column fusion_builder_column_1_1  fusion-one-full fusion-column-first fusion-column-last 1_1\"  style='margin-top:0px;margin-bottom:20px;'>\n\t\t\t\t\t<div class=\"fusion-column-wrapper\" style=\"padding: 0px 0px 0px 0px;background-position:left top;background-repeat:no-repeat;-webkit-background-size:cover;-moz-background-size:cover;-o-background-size:cover;background-size:cover;\"   data-bg-url=\"\">\n\t\t\t\t\t\t<div class=\"fusion-section-separator section-separator\" style=\"padding:0;margin-left:-0px;margin-right:-0px;\"><svg class=\"slantCandy\" xmlns=\"http:\/\/www.w3.org\/2000\/svg\" version=\"1.1\" width=\"100%\" height=\"100\" viewBox=\"0 0 100 102\" preserveAspectRatio=\"none\" style=\"fill:#7c141e;padding:0;\"><path d=\"M100 -1 L100 100 L0 0 Z\"><\/path><\/svg><\/div><div class=\"fusion-clearfix\"><\/div>\n\n\t\t\t\t\t<\/div>\n\t\t\t\t<\/div><div  data-animationType=slideInLeft data-animationDuration=0.9 data-animationOffset=100% class=\"fusion-layout-column fusion_builder_column fusion_builder_column_1_3  fusion-one-third fusion-column-first fusion-animated 1_3\"  style='margin-top:0px;margin-bottom:20px;width:33.33%;width:calc(33.33% - ( ( 4% ) * 0.3333 ) );margin-right: 4%;'>\n\t\t\t\t\t<div class=\"fusion-column-wrapper\" style=\"padding: 0px 0px 0px 0px;background-position:left top;background-repeat:no-repeat;-webkit-background-size:cover;-moz-background-size:cover;-o-background-size:cover;background-size:cover;\"   data-bg-url=\"\">\n\t\t\t\t\t\t<span style=\"border:4px solid #f6f6f6;\" class=\"fusion-imageframe imageframe-none imageframe-2 hover-type-zoomin\"><img decoding=\"async\" src=\"http:\/\/acl-menuiserie.com\/wp-content\/uploads\/2023\/02\/fenetre-alu-.jpg\" width=\"\" height=\"\" alt=\"\" title=\"fenetre-alu-\" class=\"img-responsive wp-image-371\" srcset=\"https:\/\/acl-menuiserie.com\/wp-content\/uploads\/2023\/02\/fenetre-alu--200x180.jpg 200w, https:\/\/acl-menuiserie.com\/wp-content\/uploads\/2023\/02\/fenetre-alu-.jpg 267w\" sizes=\"(max-width: 800px) 100vw, 267px\" \/><\/span><div class=\"fusion-clearfix\"><\/div>\n\n\t\t\t\t\t<\/div>\n\t\t\t\t<\/div><div  data-animationType=slideInRight data-animationDuration=0.9 data-animationOffset=100% class=\"fusion-layout-column fusion_builder_column fusion_builder_column_2_3  fusion-two-third fusion-column-last fusion-animated 2_3\"  style='margin-top:0px;margin-bottom:20px;width:66.66%;width:calc(66.66% - ( ( 4% ) * 0.6666 ) );'>\n\t\t\t\t\t<div class=\"fusion-column-wrapper\" style=\"padding: 0px 0px 0px 0px;background-position:left top;background-repeat:no-repeat;-webkit-background-size:cover;-moz-background-size:cover;-o-background-size:cover;background-size:cover;\"   data-bg-url=\"\">\n\t\t\t\t\t\t<div class=\"fusion-text\"><div id=\"pgc-27-1-1\" class=\"panel-grid-cell\">\n<div id=\"panel-27-1-1-0\" class=\"so-panel widget widget_sow-editor panel-first-child panel-last-child\" data-index=\"1\">\n<div class=\"so-widget-sow-editor so-widget-sow-editor-base\">\n<h2 class=\"widget-title\"><span style=\"color: #ffffff;\"><strong>Fen\u00eatre Alu<\/strong><\/span><\/h2>\n<p class=\"widget-title\">La menuiserie Aluminium dispose de profil plus fin, plus contemporain que le PVC.<\/p>\n<div class=\"siteorigin-widget-tinymce textwidget\">\n<div id=\"pgc-27-2-1\" class=\"panel-grid-cell\">\n<div id=\"panel-27-2-1-0\" class=\"so-panel widget widget_sow-editor panel-first-child panel-last-child\" data-index=\"3\">\n<div class=\"so-widget-sow-editor so-widget-sow-editor-base\">\n<div class=\"siteorigin-widget-tinymce textwidget\">\n<p><strong>L&rsquo;aluminium est utilis\u00e9 pour des ouvertures coulissantes, \u00e0 galandages, \u00e0 frappe ouverture \u00e0 la fran\u00e7aise. Votre projet peut \u00eatre en neuf ou r\u00e9novation.<\/strong><\/p>\n<p><strong>Les seuils encastr\u00e9s sont propos\u00e9s pour les baies coulissantes. <\/strong><br \/>\n<strong>Les menuiseries aluminium sont laqu\u00e9es, en mono ou bi-color.<\/strong><\/p>\n<p><strong>Il est possible d&rsquo;accompagner les ouvertures aluminium avec un volet roulant.<\/strong><\/p>\n<\/div>\n<\/div>\n<\/div>\n<\/div>\n<\/div>\n<\/div>\n<\/div>\n<\/div>\n<\/div><div class=\"fusion-clearfix\"><\/div>\n\n\t\t\t\t\t<\/div>\n\t\t\t\t<\/div><\/div><\/div><div class=\"fusion-fullwidth fullwidth-box fusion-parallax-fixed nonhundred-percent-fullwidth non-hundred-percent-height-scrolling\"  style='background-color: rgba(255,255,255,0);background-image: url(\"http:\/\/acl-menuiserie.com\/wp-content\/uploads\/2019\/05\/acl-menuiserie-44-1024x682.jpg\");background-position: center center;background-repeat: no-repeat;padding-top:50px;padding-right:0px;padding-bottom:50px;padding-left:0px;-webkit-background-size:cover;-moz-background-size:cover;-o-background-size:cover;background-size:cover;background-attachment:fixed;'><div class=\"fusion-builder-row fusion-row \"><div  class=\"fusion-layout-column fusion_builder_column fusion_builder_column_1_1  fusion-one-full fusion-column-first fusion-column-last 1_1\"  style='margin-top:0px;margin-bottom:20px;'>\n\t\t\t\t\t<div class=\"fusion-column-wrapper\" style=\"padding: 0px 0px 0px 0px;background-position:left top;background-repeat:no-repeat;-webkit-background-size:cover;-moz-background-size:cover;-o-background-size:cover;background-size:cover;\"   data-bg-url=\"\">\n\t\t\t\t\t\t<div class=\"fusion-section-separator section-separator\" style=\"padding:0;margin-left:-0px;margin-right:-0px;\"><svg class=\"slantCandy\" xmlns=\"http:\/\/www.w3.org\/2000\/svg\" version=\"1.1\" width=\"100%\" height=\"100\" viewBox=\"0 0 100 102\" preserveAspectRatio=\"none\" style=\"fill:#7c141e;padding:0;\"><path d=\"M100 -1 L100 100 L0 0 Z\"><\/path><\/svg><\/div><div class=\"fusion-clearfix\"><\/div>\n\n\t\t\t\t\t<\/div>\n\t\t\t\t<\/div><div  data-animationType=slideInLeft data-animationDuration=0.9 data-animationOffset=100% class=\"fusion-layout-column fusion_builder_column fusion_builder_column_1_3  fusion-one-third fusion-column-first fusion-animated 1_3\"  style='margin-top:0px;margin-bottom:20px;width:33.33%;width:calc(33.33% - ( ( 4% ) * 0.3333 ) );margin-right: 4%;'>\n\t\t\t\t\t<div class=\"fusion-column-wrapper\" style=\"padding: 0px 0px 0px 0px;background-position:left top;background-repeat:no-repeat;-webkit-background-size:cover;-moz-background-size:cover;-o-background-size:cover;background-size:cover;\"   data-bg-url=\"\">\n\t\t\t\t\t\t<span style=\"border:4px solid #f6f6f6;\" class=\"fusion-imageframe imageframe-none imageframe-3 hover-type-zoomin\"><img loading=\"lazy\" decoding=\"async\" src=\"http:\/\/acl-menuiserie.com\/wp-content\/uploads\/2019\/05\/fenetre-mixte-bois-alu-320x225.jpg\" width=\"320\" height=\"225\" alt=\"\" title=\"fenetre-mixte-bois-alu-320&#215;225\" class=\"img-responsive wp-image-114\"\/><\/span><div class=\"fusion-clearfix\"><\/div>\n\n\t\t\t\t\t<\/div>\n\t\t\t\t<\/div><div  data-animationType=slideInRight data-animationDuration=0.9 data-animationOffset=100% class=\"fusion-layout-column fusion_builder_column fusion_builder_column_2_3  fusion-two-third fusion-column-last fusion-animated 2_3\"  style='margin-top:0px;margin-bottom:20px;width:66.66%;width:calc(66.66% - ( ( 4% ) * 0.6666 ) );'>\n\t\t\t\t\t<div class=\"fusion-column-wrapper\" style=\"padding: 0px 0px 0px 0px;background-position:left top;background-repeat:no-repeat;-webkit-background-size:cover;-moz-background-size:cover;-o-background-size:cover;background-size:cover;\"   data-bg-url=\"\">\n\t\t\t\t\t\t<div class=\"fusion-text\"><div id=\"pgc-27-1-1\" class=\"panel-grid-cell\">\n<div id=\"panel-27-1-1-0\" class=\"so-panel widget widget_sow-editor panel-first-child panel-last-child\" data-index=\"1\">\n<div class=\"so-widget-sow-editor so-widget-sow-editor-base\">\n<div id=\"pgc-27-3-1\" class=\"panel-grid-cell\">\n<div id=\"panel-27-3-1-0\" class=\"so-panel widget widget_sow-editor panel-first-child panel-last-child\" data-index=\"5\">\n<div class=\"so-widget-sow-editor so-widget-sow-editor-base\">\n<h2 class=\"widget-title\"><span style=\"color: #ffffff;\"><strong>Fen\u00eatre Mixte Bois et Alu<\/strong><\/span><\/h2>\n<div class=\"siteorigin-widget-tinymce textwidget\">\n<p><strong>La menuiserie Mixte permet d&rsquo;associer 2 mat\u00e9riaux (bois int\u00e9rieur et aluminium ext\u00e9rieur).<\/strong><\/p>\n<p><strong>C\u00f4t\u00e9 int\u00e9rieur, le bois permet le confort et ses performances thermiques naturelles. C\u00f4t\u00e9 ext\u00e9rieur, l\u2019aluminium permet l\u2019esth\u00e9tique avec l&rsquo;aspect contemporain des profils.<\/strong><\/p>\n<p><strong>2 essences d\u00e9clin\u00e9es en 8 finitions :<\/strong><\/p>\n<p><strong>Pin\u00a0: naturel, blanc, sabl\u00e9, cendr\u00e9,ardoise ou taupe<\/strong><br \/>\n<strong>Ch\u00eane\u00a0: blanchi, naturel, moyen ou champagne<br \/>\n<\/strong><\/p>\n<p><strong>Nos menuiseries Mixte peuvent \u00eatre accompagn\u00e9es par un volet roulant.<\/strong><\/p>\n<\/div>\n<\/div>\n<\/div>\n<\/div>\n<\/div>\n<\/div>\n<\/div>\n<\/div><div class=\"fusion-clearfix\"><\/div>\n\n\t\t\t\t\t<\/div>\n\t\t\t\t<\/div><\/div><\/div><div class=\"fusion-fullwidth fullwidth-box fusion-parallax-fixed nonhundred-percent-fullwidth non-hundred-percent-height-scrolling\"  style='background-color: rgba(255,255,255,0);background-image: url(\"http:\/\/acl-menuiserie.com\/wp-content\/uploads\/2019\/05\/acl-menuiserie-44-1024x682.jpg\");background-position: center center;background-repeat: no-repeat;padding-top:50px;padding-right:0px;padding-bottom:50px;padding-left:0px;-webkit-background-size:cover;-moz-background-size:cover;-o-background-size:cover;background-size:cover;background-attachment:fixed;'><div class=\"fusion-builder-row fusion-row \"><div  class=\"fusion-layout-column fusion_builder_column fusion_builder_column_1_1  fusion-one-full fusion-column-first fusion-column-last 1_1\"  style='margin-top:0px;margin-bottom:20px;'>\n\t\t\t\t\t<div class=\"fusion-column-wrapper\" style=\"padding: 0px 0px 0px 0px;background-position:left top;background-repeat:no-repeat;-webkit-background-size:cover;-moz-background-size:cover;-o-background-size:cover;background-size:cover;\"   data-bg-url=\"\">\n\t\t\t\t\t\t<div class=\"fusion-section-separator section-separator\" style=\"padding:0;margin-left:-0px;margin-right:-0px;\"><svg class=\"slantCandy\" xmlns=\"http:\/\/www.w3.org\/2000\/svg\" version=\"1.1\" width=\"100%\" height=\"100\" viewBox=\"0 0 100 102\" preserveAspectRatio=\"none\" style=\"fill:#7c141e;padding:0;\"><path d=\"M100 -1 L100 100 L0 0 Z\"><\/path><\/svg><\/div><div class=\"fusion-clearfix\"><\/div>\n\n\t\t\t\t\t<\/div>\n\t\t\t\t<\/div><div  data-animationType=slideInLeft data-animationDuration=0.9 data-animationOffset=100% class=\"fusion-layout-column fusion_builder_column fusion_builder_column_1_3  fusion-one-third fusion-column-first fusion-animated 1_3\"  style='margin-top:0px;margin-bottom:20px;width:33.33%;width:calc(33.33% - ( ( 4% ) * 0.3333 ) );margin-right: 4%;'>\n\t\t\t\t\t<div class=\"fusion-column-wrapper\" style=\"padding: 0px 0px 0px 0px;background-position:left top;background-repeat:no-repeat;-webkit-background-size:cover;-moz-background-size:cover;-o-background-size:cover;background-size:cover;\"   data-bg-url=\"\">\n\t\t\t\t\t\t<span style=\"border:4px solid #f6f6f6;\" class=\"fusion-imageframe imageframe-none imageframe-4 hover-type-zoomin\"><img decoding=\"async\" src=\"http:\/\/acl-menuiserie.com\/wp-content\/uploads\/2019\/05\/7a-1.jpg\" width=\"\" height=\"\" alt=\"\" title=\"7a\" class=\"img-responsive wp-image-115\"\/><\/span><div class=\"fusion-clearfix\"><\/div>\n\n\t\t\t\t\t<\/div>\n\t\t\t\t<\/div><div  data-animationType=slideInRight data-animationDuration=0.9 data-animationOffset=100% class=\"fusion-layout-column fusion_builder_column fusion_builder_column_2_3  fusion-two-third fusion-column-last fusion-animated 2_3\"  style='margin-top:0px;margin-bottom:20px;width:66.66%;width:calc(66.66% - ( ( 4% ) * 0.6666 ) );'>\n\t\t\t\t\t<div class=\"fusion-column-wrapper\" style=\"padding: 0px 0px 0px 0px;background-position:left top;background-repeat:no-repeat;-webkit-background-size:cover;-moz-background-size:cover;-o-background-size:cover;background-size:cover;\"   data-bg-url=\"\">\n\t\t\t\t\t\t<div class=\"fusion-text\"><div id=\"pgc-27-1-1\" class=\"panel-grid-cell\">\n<div id=\"panel-27-1-1-0\" class=\"so-panel widget widget_sow-editor panel-first-child panel-last-child\" data-index=\"1\">\n<div class=\"so-widget-sow-editor so-widget-sow-editor-base\">\n<div id=\"pgc-27-3-1\" class=\"panel-grid-cell\">\n<div id=\"panel-27-3-1-0\" class=\"so-panel widget widget_sow-editor panel-first-child panel-last-child\" data-index=\"5\">\n<div class=\"so-widget-sow-editor so-widget-sow-editor-base\">\n<h2 class=\"widget-title\"><span style=\"color: #ffffff;\"><strong>Fen\u00eatre Bois<\/strong><\/span><\/h2>\n<div class=\"siteorigin-widget-tinymce textwidget\">\n<p><strong>Les menuiseries bois permettent de conserver le charme du bois ainsi que ses performances thermiques naturelles.<\/strong><\/p>\n<p><strong>La vari\u00e9t\u00e9 des essences de bois, les possibilit\u00e9s de formes et les diff\u00e9rents styles des gammes bois, donnent un choix consid\u00e9rable pour la construction ou la r\u00e9novation de votre habitation.<\/strong><\/p>\n<\/div>\n<\/div>\n<\/div>\n<\/div>\n<\/div>\n<\/div>\n<\/div>\n<\/div><div class=\"fusion-clearfix\"><\/div>\n\n\t\t\t\t\t<\/div>\n\t\t\t\t<\/div><\/div><\/div><\/p>\n","protected":false},"excerpt":{"rendered":"","protected":false},"author":1,"featured_media":0,"parent":0,"menu_order":0,"comment_status":"closed","ping_status":"closed","template":"100-width.php","meta":{"_monsterinsights_skip_tracking":false,"_monsterinsights_sitenote_active":false,"_monsterinsights_sitenote_note":"","_monsterinsights_sitenote_category":0,"footnotes":""},"class_list":["post-83","page","type-page","status-publish","hentry"],"yoast_head":"<!-- This site is optimized with the Yoast SEO plugin v27.1.1 - https:\/\/yoast.com\/product\/yoast-seo-wordpress\/ -->\n<title>FEN\u00caTRES - ACL Menuiserie - Am\u00e9nagement Construction Loire<\/title>\n<meta name=\"robots\" content=\"index, follow, max-snippet:-1, max-image-preview:large, max-video-preview:-1\" \/>\n<link rel=\"canonical\" href=\"https:\/\/acl-menuiserie.com\/index.php\/fenetres-nantes-44\/\" \/>\n<meta property=\"og:locale\" content=\"fr_FR\" \/>\n<meta property=\"og:type\" content=\"article\" \/>\n<meta property=\"og:title\" content=\"FEN\u00caTRES - ACL Menuiserie - Am\u00e9nagement Construction Loire\" \/>\n<meta property=\"og:url\" content=\"https:\/\/acl-menuiserie.com\/index.php\/fenetres-nantes-44\/\" \/>\n<meta property=\"og:site_name\" content=\"ACL Menuiserie - Am\u00e9nagement Construction Loire\" \/>\n<meta property=\"article:modified_time\" content=\"2025-09-15T08:18:52+00:00\" \/>\n<meta name=\"twitter:card\" content=\"summary_large_image\" \/>\n<meta name=\"twitter:label1\" content=\"Dur\u00e9e de lecture estim\u00e9e\" \/>\n\t<meta name=\"twitter:data1\" content=\"11 minutes\" \/>\n<script type=\"application\/ld+json\" class=\"yoast-schema-graph\">{\"@context\":\"https:\/\/schema.org\",\"@graph\":[{\"@type\":\"WebPage\",\"@id\":\"https:\/\/acl-menuiserie.com\/index.php\/fenetres-nantes-44\/\",\"url\":\"https:\/\/acl-menuiserie.com\/index.php\/fenetres-nantes-44\/\",\"name\":\"FEN\u00caTRES - ACL Menuiserie - Am\u00e9nagement Construction Loire\",\"isPartOf\":{\"@id\":\"https:\/\/acl-menuiserie.com\/#website\"},\"datePublished\":\"2019-05-10T10:21:57+00:00\",\"dateModified\":\"2025-09-15T08:18:52+00:00\",\"breadcrumb\":{\"@id\":\"https:\/\/acl-menuiserie.com\/index.php\/fenetres-nantes-44\/#breadcrumb\"},\"inLanguage\":\"fr-FR\",\"potentialAction\":[{\"@type\":\"ReadAction\",\"target\":[\"https:\/\/acl-menuiserie.com\/index.php\/fenetres-nantes-44\/\"]}]},{\"@type\":\"BreadcrumbList\",\"@id\":\"https:\/\/acl-menuiserie.com\/index.php\/fenetres-nantes-44\/#breadcrumb\",\"itemListElement\":[{\"@type\":\"ListItem\",\"position\":1,\"name\":\"Home\",\"item\":\"https:\/\/acl-menuiserie.com\/\"},{\"@type\":\"ListItem\",\"position\":2,\"name\":\"FEN\u00caTRES\"}]},{\"@type\":\"WebSite\",\"@id\":\"https:\/\/acl-menuiserie.com\/#website\",\"url\":\"https:\/\/acl-menuiserie.com\/\",\"name\":\"ACL Menuiserie - Am\u00e9nagement Construction Loire\",\"description\":\"Ossature bois - Agencement - Charpente\",\"potentialAction\":[{\"@type\":\"SearchAction\",\"target\":{\"@type\":\"EntryPoint\",\"urlTemplate\":\"https:\/\/acl-menuiserie.com\/?s={search_term_string}\"},\"query-input\":{\"@type\":\"PropertyValueSpecification\",\"valueRequired\":true,\"valueName\":\"search_term_string\"}}],\"inLanguage\":\"fr-FR\"}]}<\/script>\n<!-- \/ Yoast SEO plugin. -->","yoast_head_json":{"title":"FEN\u00caTRES - ACL Menuiserie - Am\u00e9nagement Construction Loire","robots":{"index":"index","follow":"follow","max-snippet":"max-snippet:-1","max-image-preview":"max-image-preview:large","max-video-preview":"max-video-preview:-1"},"canonical":"https:\/\/acl-menuiserie.com\/index.php\/fenetres-nantes-44\/","og_locale":"fr_FR","og_type":"article","og_title":"FEN\u00caTRES - ACL Menuiserie - Am\u00e9nagement Construction Loire","og_url":"https:\/\/acl-menuiserie.com\/index.php\/fenetres-nantes-44\/","og_site_name":"ACL Menuiserie - Am\u00e9nagement Construction Loire","article_modified_time":"2025-09-15T08:18:52+00:00","twitter_card":"summary_large_image","twitter_misc":{"Dur\u00e9e de lecture estim\u00e9e":"11 minutes"},"schema":{"@context":"https:\/\/schema.org","@graph":[{"@type":"WebPage","@id":"https:\/\/acl-menuiserie.com\/index.php\/fenetres-nantes-44\/","url":"https:\/\/acl-menuiserie.com\/index.php\/fenetres-nantes-44\/","name":"FEN\u00caTRES - ACL Menuiserie - Am\u00e9nagement Construction Loire","isPartOf":{"@id":"https:\/\/acl-menuiserie.com\/#website"},"datePublished":"2019-05-10T10:21:57+00:00","dateModified":"2025-09-15T08:18:52+00:00","breadcrumb":{"@id":"https:\/\/acl-menuiserie.com\/index.php\/fenetres-nantes-44\/#breadcrumb"},"inLanguage":"fr-FR","potentialAction":[{"@type":"ReadAction","target":["https:\/\/acl-menuiserie.com\/index.php\/fenetres-nantes-44\/"]}]},{"@type":"BreadcrumbList","@id":"https:\/\/acl-menuiserie.com\/index.php\/fenetres-nantes-44\/#breadcrumb","itemListElement":[{"@type":"ListItem","position":1,"name":"Home","item":"https:\/\/acl-menuiserie.com\/"},{"@type":"ListItem","position":2,"name":"FEN\u00caTRES"}]},{"@type":"WebSite","@id":"https:\/\/acl-menuiserie.com\/#website","url":"https:\/\/acl-menuiserie.com\/","name":"ACL Menuiserie - Am\u00e9nagement Construction Loire","description":"Ossature bois - Agencement - Charpente","potentialAction":[{"@type":"SearchAction","target":{"@type":"EntryPoint","urlTemplate":"https:\/\/acl-menuiserie.com\/?s={search_term_string}"},"query-input":{"@type":"PropertyValueSpecification","valueRequired":true,"valueName":"search_term_string"}}],"inLanguage":"fr-FR"}]}},"_links":{"self":[{"href":"https:\/\/acl-menuiserie.com\/index.php\/wp-json\/wp\/v2\/pages\/83","targetHints":{"allow":["GET"]}}],"collection":[{"href":"https:\/\/acl-menuiserie.com\/index.php\/wp-json\/wp\/v2\/pages"}],"about":[{"href":"https:\/\/acl-menuiserie.com\/index.php\/wp-json\/wp\/v2\/types\/page"}],"author":[{"embeddable":true,"href":"https:\/\/acl-menuiserie.com\/index.php\/wp-json\/wp\/v2\/users\/1"}],"replies":[{"embeddable":true,"href":"https:\/\/acl-menuiserie.com\/index.php\/wp-json\/wp\/v2\/comments?post=83"}],"version-history":[{"count":24,"href":"https:\/\/acl-menuiserie.com\/index.php\/wp-json\/wp\/v2\/pages\/83\/revisions"}],"predecessor-version":[{"id":455,"href":"https:\/\/acl-menuiserie.com\/index.php\/wp-json\/wp\/v2\/pages\/83\/revisions\/455"}],"wp:attachment":[{"href":"https:\/\/acl-menuiserie.com\/index.php\/wp-json\/wp\/v2\/media?parent=83"}],"curies":[{"name":"wp","href":"https:\/\/api.w.org\/{rel}","templated":true}]}}